{"id":14612,"date":"2022-07-15T14:05:31","date_gmt":"2022-07-15T14:05:31","guid":{"rendered":"https:\/\/medcommerce.mondoit.de\/?page_id=14612"},"modified":"2022-07-15T14:06:33","modified_gmt":"2022-07-15T14:06:33","slug":"aktuell","status":"publish","type":"page","link":"https:\/\/www.med-commerce.de\/en\/aktuell\/","title":{"rendered":"LATEST"},"content":{"rendered":"<div data-elementor-type=\"wp-page\" data-elementor-id=\"14612\" class=\"elementor elementor-14612\" data-elementor-settings=\"{&quot;ha_cmc_init_switcher&quot;:&quot;no&quot;}\" data-elementor-post-type=\"page\">\n\t\t\t\t\t\t<section class=\"elementor-section elementor-top-section elementor-element elementor-element-173b3e0 elementor-section-boxed elementor-section-height-default elementor-section-height-default\" data-id=\"173b3e0\" data-element_type=\"section\" data-e-type=\"section\" data-settings=\"{&quot;_ha_eqh_enable&quot;:false}\">\n\t\t\t\t\t\t<div class=\"elementor-container elementor-column-gap-default\">\n\t\t\t\t\t<div class=\"elementor-column elementor-col-100 elementor-top-column elementor-element elementor-element-7ef12c2\" data-id=\"7ef12c2\" data-element_type=\"column\" data-e-type=\"column\" data-settings=\"{&quot;background_background&quot;:&quot;classic&quot;}\">\n\t\t\t<div class=\"elementor-widget-wrap elementor-element-populated\">\n\t\t\t\t\t\t<div class=\"elementor-element elementor-element-ae84b7d elementor-widget elementor-widget-heading\" data-id=\"ae84b7d\" data-element_type=\"widget\" data-e-type=\"widget\" data-widget_type=\"heading.default\">\n\t\t\t\t<div class=\"elementor-widget-container\">\n\t\t\t\t\t<h4 class=\"elementor-heading-title elementor-size-default\">Latest<\/h4>\t\t\t\t<\/div>\n\t\t\t\t<\/div>\n\t\t\t\t<div class=\"elementor-element elementor-element-ae6db6b elementor-widget elementor-widget-text-editor\" data-id=\"ae6db6b\" data-element_type=\"widget\" data-e-type=\"widget\" data-widget_type=\"text-editor.default\">\n\t\t\t\t<div class=\"elementor-widget-container\">\n\t\t\t\t\t\t\t\t\t<p>In this section you will be informed by us about new products, changes to the range and other news that might be of interest to you. Have fun while reading.<\/p><p>Your<\/p><p>med-commerce\u00ae\u00a0Team<\/p>\t\t\t\t\t\t\t\t<\/div>\n\t\t\t\t<\/div>\n\t\t\t\t<div class=\"elementor-element elementor-element-7b5a189 elementor-widget elementor-widget-spacer\" data-id=\"7b5a189\" data-element_type=\"widget\" data-e-type=\"widget\" data-widget_type=\"spacer.default\">\n\t\t\t\t<div class=\"elementor-widget-container\">\n\t\t\t\t\t\t\t<div class=\"elementor-spacer\">\n\t\t\t<div class=\"elementor-spacer-inner\"><\/div>\n\t\t<\/div>\n\t\t\t\t\t\t<\/div>\n\t\t\t\t<\/div>\n\t\t\t\t\t<\/div>\n\t\t<\/div>\n\t\t\t\t\t<\/div>\n\t\t<\/section>\n\t\t\t\t<\/div>","protected":false},"excerpt":{"rendered":"<p>Aktuell In dieser Rubrik werden Sie von uns \u00fcber neue Produkte, Sortiments\u00e4nderungen und \u00fcber andere f\u00fcr Sie interessante News informiert.\u00a0Viel Spa\u00df beim lesen. Ihr med-commerce\u00ae\u00a0Team<\/p>","protected":false},"author":1,"featured_media":0,"parent":0,"menu_order":0,"comment_status":"closed","ping_status":"closed","template":"","meta":{"footnotes":""},"class_list":["post-14612","page","type-page","status-publish","hentry","entry"],"_links":{"self":[{"href":"https:\/\/www.med-commerce.de\/en\/wp-json\/wp\/v2\/pages\/14612","targetHints":{"allow":["GET"]}}],"collection":[{"href":"https:\/\/www.med-commerce.de\/en\/wp-json\/wp\/v2\/pages"}],"about":[{"href":"https:\/\/www.med-commerce.de\/en\/wp-json\/wp\/v2\/types\/page"}],"author":[{"embeddable":true,"href":"https:\/\/www.med-commerce.de\/en\/wp-json\/wp\/v2\/users\/1"}],"replies":[{"embeddable":true,"href":"https:\/\/www.med-commerce.de\/en\/wp-json\/wp\/v2\/comments?post=14612"}],"version-history":[{"count":4,"href":"https:\/\/www.med-commerce.de\/en\/wp-json\/wp\/v2\/pages\/14612\/revisions"}],"predecessor-version":[{"id":14616,"href":"https:\/\/www.med-commerce.de\/en\/wp-json\/wp\/v2\/pages\/14612\/revisions\/14616"}],"wp:attachment":[{"href":"https:\/\/www.med-commerce.de\/en\/wp-json\/wp\/v2\/media?parent=14612"}],"curies":[{"name":"wp","href":"https:\/\/api.w.org\/{rel}","templated":true}]}}