{"id":14520,"date":"2022-07-15T13:38:41","date_gmt":"2022-07-15T13:38:41","guid":{"rendered":"https:\/\/medcommerce.mondoit.de\/?page_id=14520"},"modified":"2022-07-15T13:40:24","modified_gmt":"2022-07-15T13:40:24","slug":"handel-mit-medizinprodukten","status":"publish","type":"page","link":"https:\/\/www.med-commerce.de\/en\/handel-mit-medizinprodukten\/","title":{"rendered":"Trade in medical products"},"content":{"rendered":"<div data-elementor-type=\"wp-page\" data-elementor-id=\"14520\" class=\"elementor elementor-14520\" data-elementor-settings=\"{&quot;ha_cmc_init_switcher&quot;:&quot;no&quot;}\" data-elementor-post-type=\"page\">\n\t\t\t\t\t\t<section class=\"elementor-section elementor-top-section elementor-element elementor-element-173b3e0 elementor-section-boxed elementor-section-height-default elementor-section-height-default\" data-id=\"173b3e0\" data-element_type=\"section\" data-e-type=\"section\" data-settings=\"{&quot;_ha_eqh_enable&quot;:false}\">\n\t\t\t\t\t\t<div class=\"elementor-container elementor-column-gap-default\">\n\t\t\t\t\t<div class=\"elementor-column elementor-col-100 elementor-top-column elementor-element elementor-element-7ef12c2\" data-id=\"7ef12c2\" data-element_type=\"column\" data-e-type=\"column\" data-settings=\"{&quot;background_background&quot;:&quot;classic&quot;}\">\n\t\t\t<div class=\"elementor-widget-wrap elementor-element-populated\">\n\t\t\t\t\t\t<div class=\"elementor-element elementor-element-ae84b7d elementor-widget elementor-widget-heading\" data-id=\"ae84b7d\" data-element_type=\"widget\" data-e-type=\"widget\" data-widget_type=\"heading.default\">\n\t\t\t\t<div class=\"elementor-widget-container\">\n\t\t\t\t\t<h4 class=\"elementor-heading-title elementor-size-default\">Trade in medical products<\/h4>\t\t\t\t<\/div>\n\t\t\t\t<\/div>\n\t\t\t\t<div class=\"elementor-element elementor-element-ae6db6b elementor-widget elementor-widget-text-editor\" data-id=\"ae6db6b\" data-element_type=\"widget\" data-e-type=\"widget\" data-widget_type=\"text-editor.default\">\n\t\t\t\t<div class=\"elementor-widget-container\">\n\t\t\t\t\t\t\t\t\t<p><strong>Trade in sterile single-use products from various manufacturers:<br \/><br \/><\/strong><\/p><ul><li>Guide wires, high-pressure hoses for angiography and radiology<br \/><br \/><\/li><\/ul><ul><li>Infusion extensions<br \/><br \/><\/li><\/ul><ul><li>Tap bank systems, patient lines, multiple connectors, if necessary with non-return valves \/ injections<br \/><br \/><\/li><\/ul><ul><li>Gravity infusion \/ pump systems for critical care, anesthesia and oncology<br \/><br \/><\/li><\/ul><ul><li>Dolphin inflation injections<br \/><br \/><\/li><\/ul><ul><li>Flamingo inflation syringes<br \/><br \/><\/li><\/ul><ul><li>Pleural Puncture Sets<\/li><\/ul>\t\t\t\t\t\t\t\t<\/div>\n\t\t\t\t<\/div>\n\t\t\t\t<div class=\"elementor-element elementor-element-d062c21 elementor-widget elementor-widget-spacer\" data-id=\"d062c21\" data-element_type=\"widget\" data-e-type=\"widget\" data-widget_type=\"spacer.default\">\n\t\t\t\t<div class=\"elementor-widget-container\">\n\t\t\t\t\t\t\t<div class=\"elementor-spacer\">\n\t\t\t<div class=\"elementor-spacer-inner\"><\/div>\n\t\t<\/div>\n\t\t\t\t\t\t<\/div>\n\t\t\t\t<\/div>\n\t\t\t\t\t<\/div>\n\t\t<\/div>\n\t\t\t\t\t<\/div>\n\t\t<\/section>\n\t\t\t\t<\/div>","protected":false},"excerpt":{"rendered":"<p>Handel mit Medizinprodukten Handel mit sterilen Einmalprodukten verschiedener Hersteller: F\u00fchrungsdr\u00e4hte, Hochdruckschl\u00e4uche f\u00fcr die Angiographie und Radiologie Infusionsverl\u00e4ngerungen Hahnbanksysteme, Patientenleitungen, Mehrfachverbinder, ggf. mit R\u00fcckschlagventilen \/ Zuspritzungen Schwerkraftinfusions- \/ Pumpensysteme f\u00fcr die Intensivmedizin, An\u00e4sthesie und Onkologie Dolphin Inflationsspritzen Flamingo Inflationsspritzen Pleurapunktions-Sets<\/p>","protected":false},"author":1,"featured_media":0,"parent":0,"menu_order":0,"comment_status":"closed","ping_status":"closed","template":"","meta":{"footnotes":""},"class_list":["post-14520","page","type-page","status-publish","hentry","entry"],"_links":{"self":[{"href":"https:\/\/www.med-commerce.de\/en\/wp-json\/wp\/v2\/pages\/14520","targetHints":{"allow":["GET"]}}],"collection":[{"href":"https:\/\/www.med-commerce.de\/en\/wp-json\/wp\/v2\/pages"}],"about":[{"href":"https:\/\/www.med-commerce.de\/en\/wp-json\/wp\/v2\/types\/page"}],"author":[{"embeddable":true,"href":"https:\/\/www.med-commerce.de\/en\/wp-json\/wp\/v2\/users\/1"}],"replies":[{"embeddable":true,"href":"https:\/\/www.med-commerce.de\/en\/wp-json\/wp\/v2\/comments?post=14520"}],"version-history":[{"count":10,"href":"https:\/\/www.med-commerce.de\/en\/wp-json\/wp\/v2\/pages\/14520\/revisions"}],"predecessor-version":[{"id":14530,"href":"https:\/\/www.med-commerce.de\/en\/wp-json\/wp\/v2\/pages\/14520\/revisions\/14530"}],"wp:attachment":[{"href":"https:\/\/www.med-commerce.de\/en\/wp-json\/wp\/v2\/media?parent=14520"}],"curies":[{"name":"wp","href":"https:\/\/api.w.org\/{rel}","templated":true}]}}