{"id":14504,"date":"2022-07-15T13:35:22","date_gmt":"2022-07-15T13:35:22","guid":{"rendered":"https:\/\/medcommerce.mondoit.de\/?page_id=14504"},"modified":"2022-07-19T10:04:31","modified_gmt":"2022-07-19T10:04:31","slug":"qualitaet","status":"publish","type":"page","link":"https:\/\/www.med-commerce.de\/en\/qualitaet\/","title":{"rendered":"Quality"},"content":{"rendered":"<div data-elementor-type=\"wp-page\" data-elementor-id=\"14504\" class=\"elementor elementor-14504\" data-elementor-settings=\"{&quot;ha_cmc_init_switcher&quot;:&quot;no&quot;}\" data-elementor-post-type=\"page\">\n\t\t\t\t\t\t<section class=\"elementor-section elementor-top-section elementor-element elementor-element-173b3e0 elementor-section-boxed elementor-section-height-default elementor-section-height-default\" data-id=\"173b3e0\" data-element_type=\"section\" data-e-type=\"section\" data-settings=\"{&quot;_ha_eqh_enable&quot;:false}\">\n\t\t\t\t\t\t<div class=\"elementor-container elementor-column-gap-default\">\n\t\t\t\t\t<div class=\"elementor-column elementor-col-100 elementor-top-column elementor-element elementor-element-7ef12c2\" data-id=\"7ef12c2\" data-element_type=\"column\" data-e-type=\"column\" data-settings=\"{&quot;background_background&quot;:&quot;classic&quot;}\">\n\t\t\t<div class=\"elementor-widget-wrap elementor-element-populated\">\n\t\t\t\t\t\t<div class=\"elementor-element elementor-element-ae84b7d elementor-widget elementor-widget-heading\" data-id=\"ae84b7d\" data-element_type=\"widget\" data-e-type=\"widget\" data-widget_type=\"heading.default\">\n\t\t\t\t<div class=\"elementor-widget-container\">\n\t\t\t\t\t<h4 class=\"elementor-heading-title elementor-size-default\">Quality\n<\/h4>\t\t\t\t<\/div>\n\t\t\t\t<\/div>\n\t\t\t\t<section class=\"elementor-section elementor-inner-section elementor-element elementor-element-57745c4 elementor-section-boxed elementor-section-height-default elementor-section-height-default\" data-id=\"57745c4\" data-element_type=\"section\" data-e-type=\"section\" data-settings=\"{&quot;_ha_eqh_enable&quot;:false}\">\n\t\t\t\t\t\t<div class=\"elementor-container elementor-column-gap-default\">\n\t\t\t\t\t<div class=\"elementor-column elementor-col-50 elementor-inner-column elementor-element elementor-element-408496b\" data-id=\"408496b\" data-element_type=\"column\" data-e-type=\"column\">\n\t\t\t<div class=\"elementor-widget-wrap elementor-element-populated\">\n\t\t\t\t\t\t<div class=\"elementor-element elementor-element-a4b95ea elementor-widget elementor-widget-image\" data-id=\"a4b95ea\" data-element_type=\"widget\" data-e-type=\"widget\" data-widget_type=\"image.default\">\n\t\t\t\t<div class=\"elementor-widget-container\">\n\t\t\t\t\t\t\t\t\t\t\t\t\t\t\t<img fetchpriority=\"high\" decoding=\"async\" width=\"645\" height=\"421\" src=\"https:\/\/www.med-commerce.de\/wp-content\/uploads\/2020\/09\/medezintechnik.jpg\" class=\"attachment-full size-full wp-image-13836\" alt=\"\" srcset=\"https:\/\/www.med-commerce.de\/wp-content\/uploads\/2020\/09\/medezintechnik.jpg 645w, https:\/\/www.med-commerce.de\/wp-content\/uploads\/2020\/09\/medezintechnik-600x392.jpg 600w, https:\/\/www.med-commerce.de\/wp-content\/uploads\/2020\/09\/medezintechnik-300x196.jpg 300w, https:\/\/www.med-commerce.de\/wp-content\/uploads\/2020\/09\/medezintechnik-580x379.jpg 580w\" sizes=\"(max-width: 645px) 100vw, 645px\" style=\"width:100%;height:65.27%;max-width:645px\" \/>\t\t\t\t\t\t\t\t\t\t\t\t\t\t\t<\/div>\n\t\t\t\t<\/div>\n\t\t\t\t\t<\/div>\n\t\t<\/div>\n\t\t\t\t<div class=\"elementor-column elementor-col-50 elementor-inner-column elementor-element elementor-element-d611158\" data-id=\"d611158\" data-element_type=\"column\" data-e-type=\"column\">\n\t\t\t<div class=\"elementor-widget-wrap elementor-element-populated\">\n\t\t\t\t\t\t<div class=\"elementor-element elementor-element-1844c67 elementor-widget elementor-widget-text-editor\" data-id=\"1844c67\" data-element_type=\"widget\" data-e-type=\"widget\" data-widget_type=\"text-editor.default\">\n\t\t\t\t<div class=\"elementor-widget-container\">\n\t\t\t\t\t\t\t\t\t<p>In our daily life the term \"<strong>Quality<\/strong>\u201cEstablished in everyday economic life as a general standard of value that should express the appropriateness of products, services or processes.<\/p>\t\t\t\t\t\t\t\t<\/div>\n\t\t\t\t<\/div>\n\t\t\t\t<div class=\"elementor-element elementor-element-e52b3f3 elementor-hidden-tablet elementor-widget elementor-widget-text-editor\" data-id=\"e52b3f3\" data-element_type=\"widget\" data-e-type=\"widget\" data-widget_type=\"text-editor.default\">\n\t\t\t\t<div class=\"elementor-widget-container\">\n\t\t\t\t\t\t\t\t\t<p>This understanding can be seen in the expression \"<strong>Quality work<\/strong>\u201e. It often takes place in a cross-divisional system. The planning, management and control of all activities required for this is\u00a0<strong>Quality management<\/strong>\u00a0designated. The result is \"<strong>Quality products<\/strong>&#8222;.\u00a0<\/p>\t\t\t\t\t\t\t\t<\/div>\n\t\t\t\t<\/div>\n\t\t\t\t\t<\/div>\n\t\t<\/div>\n\t\t\t\t\t<\/div>\n\t\t<\/section>\n\t\t\t\t<div class=\"elementor-element elementor-element-f7633c4 elementor-hidden-desktop elementor-hidden-mobile elementor-widget elementor-widget-text-editor\" data-id=\"f7633c4\" data-element_type=\"widget\" data-e-type=\"widget\" data-widget_type=\"text-editor.default\">\n\t\t\t\t<div class=\"elementor-widget-container\">\n\t\t\t\t\t\t\t\t\t<p>This understanding can be seen in the expression \"<strong>Quality work<\/strong>\u201e. It often takes place in a cross-divisional system. The planning, management and control of all activities required for this is\u00a0<strong>Quality management<\/strong>\u00a0designated. The result is \"<strong>Quality products<\/strong>&#8222;.\u00a0<\/p>\t\t\t\t\t\t\t\t<\/div>\n\t\t\t\t<\/div>\n\t\t\t\t<div class=\"elementor-element elementor-element-7481421 elementor-widget elementor-widget-text-editor\" data-id=\"7481421\" data-element_type=\"widget\" data-e-type=\"widget\" data-widget_type=\"text-editor.default\">\n\t\t\t\t<div class=\"elementor-widget-container\">\n\t\t\t\t\t\t\t\t\t<p>The long experience of\u00a0<strong>med-commerce\u00ae<\/strong>\u00a0is reflected in all areas of a modern company. First-class quality, service, competence and the satisfaction of our customers are the focus of all our activities.<\/p><p>\u00a0<\/p><p>We live in daily\u00a0<strong>quality management system<\/strong>which includes the following important pillars:<\/p><ul><li><div>Customer orientation<\/div><\/li><li><div>The legal requirements according to the regulation (EU) 2017\/745 of the European Parliament and of the Council on medical devices<\/div><\/li><li><div>Product safety<\/div><\/li><li><div>DIN standards for medical instruments<\/div><\/li><\/ul><p>\u00a0<\/p><p>The quality of the products marketed by med-commerce\u00ae Medizintechnik GmbH &amp; Co. KG is verified by\u00a0<strong>a certified quality management system<\/strong> after <strong>DIN EN ISO 13485:2016<\/strong>\u00a0secured.<\/p><p>\u00a0<\/p><p>You can download the currently valid QM certificate at\u00a0<span id=\"cloakb201a28a5eb83fce7ff6baa57acb63b4\"><a href=\"mailto:info@med-commerce.de\">info@med-commerce.de<\/a><\/span>\u00a0request from us.<\/p><p>\u00a0<\/p><p><strong>med-commerce\u00ae Instruments<\/strong>\u00a0are rust-resistant, finely and evenly processed and fit the user well in the hand.Through the\u00a0<strong>use of the latest technology in the field of cleaning and passivation processes<\/strong>\u00a0The free iron is removed from the surface of the stainless steel used using a harmless and environmentally friendly solution of citric acid; this process creates a chromium-enriched protective layer that\u00a0<strong>med-commerce\u00ae Instruments<\/strong>\u00a0protects very effectively against corrosion, etching of the material and especially against the problem of pitting corrosion after laser marking.<\/p><p>\u00a0<\/p><p>Hand instruments make for clinics and practices\u00a0<strong>valuable investments<\/strong>\u00a0In order to sustainably preserve these values and the function of the instruments\u00a0<strong>professional instrument preparation<\/strong>\u00a0important.<\/p><p>\u00a0<\/p><p>When reprocessing med-commerce\u00ae instruments and precisamed instruments, please observe the recommendations for instruments from\u00a0<strong>working group for instrument preparation<\/strong>.<\/p>\t\t\t\t\t\t\t\t<\/div>\n\t\t\t\t<\/div>\n\t\t\t\t<div class=\"elementor-element elementor-element-e53ad28 elementor-widget elementor-widget-spacer\" data-id=\"e53ad28\" data-element_type=\"widget\" data-e-type=\"widget\" data-widget_type=\"spacer.default\">\n\t\t\t\t<div class=\"elementor-widget-container\">\n\t\t\t\t\t\t\t<div class=\"elementor-spacer\">\n\t\t\t<div class=\"elementor-spacer-inner\"><\/div>\n\t\t<\/div>\n\t\t\t\t\t\t<\/div>\n\t\t\t\t<\/div>\n\t\t\t\t\t<\/div>\n\t\t<\/div>\n\t\t\t\t\t<\/div>\n\t\t<\/section>\n\t\t\t\t<\/div>","protected":false},"excerpt":{"rendered":"<p>Qualit\u00e4t In unserem t\u00e4glichen Leben hat sich der Begriff &#8222;Qualit\u00e4t&#8220; im wirtschaftlichen Alltag als ein allgemeiner Wertma\u00dfstab etabliert, der die\u00a0Zweckangemessenheit\u00a0von Produkten,\u00a0Dienstleistungen oder Prozessen zum Ausdruck bringen soll. Dieses Verst\u00e4ndnis zeigt sich etwa im Ausdruck &#8222;Qualit\u00e4tsarbeit&#8222;. Sie findet h\u00e4ufig in einem bereichs\u00fcbergreifenden System statt. Die Planung, Steuerung und Kontrolle aller hierzu n\u00f6tigen T\u00e4tigkeiten wird als\u00a0Qualit\u00e4tsmanagement\u00a0bezeichnet. Als&hellip; <a class=\"more-link\" href=\"https:\/\/www.med-commerce.de\/en\/qualitaet\/\">Continue reading <span class=\"screen-reader-text\">Quality<\/span><\/a><\/p>","protected":false},"author":1,"featured_media":0,"parent":0,"menu_order":0,"comment_status":"closed","ping_status":"closed","template":"","meta":{"footnotes":""},"class_list":["post-14504","page","type-page","status-publish","hentry","entry"],"_links":{"self":[{"href":"https:\/\/www.med-commerce.de\/en\/wp-json\/wp\/v2\/pages\/14504","targetHints":{"allow":["GET"]}}],"collection":[{"href":"https:\/\/www.med-commerce.de\/en\/wp-json\/wp\/v2\/pages"}],"about":[{"href":"https:\/\/www.med-commerce.de\/en\/wp-json\/wp\/v2\/types\/page"}],"author":[{"embeddable":true,"href":"https:\/\/www.med-commerce.de\/en\/wp-json\/wp\/v2\/users\/1"}],"replies":[{"embeddable":true,"href":"https:\/\/www.med-commerce.de\/en\/wp-json\/wp\/v2\/comments?post=14504"}],"version-history":[{"count":17,"href":"https:\/\/www.med-commerce.de\/en\/wp-json\/wp\/v2\/pages\/14504\/revisions"}],"predecessor-version":[{"id":14775,"href":"https:\/\/www.med-commerce.de\/en\/wp-json\/wp\/v2\/pages\/14504\/revisions\/14775"}],"wp:attachment":[{"href":"https:\/\/www.med-commerce.de\/en\/wp-json\/wp\/v2\/media?parent=14504"}],"curies":[{"name":"wp","href":"https:\/\/api.w.org\/{rel}","templated":true}]}}