{"id":14464,"date":"2022-07-15T13:24:42","date_gmt":"2022-07-15T13:24:42","guid":{"rendered":"https:\/\/medcommerce.mondoit.de\/?page_id=14464"},"modified":"2022-07-15T14:23:55","modified_gmt":"2022-07-15T14:23:55","slug":"produkte-loesungen","status":"publish","type":"page","link":"https:\/\/www.med-commerce.de\/en\/produkte-loesungen\/","title":{"rendered":"PRODUCTS &amp; SOLUTIONS"},"content":{"rendered":"<div data-elementor-type=\"wp-page\" data-elementor-id=\"14464\" class=\"elementor elementor-14464\" data-elementor-settings=\"{&quot;ha_cmc_init_switcher&quot;:&quot;no&quot;}\" data-elementor-post-type=\"page\">\n\t\t\t\t\t\t<section class=\"elementor-section elementor-top-section elementor-element elementor-element-173b3e0 elementor-section-boxed elementor-section-height-default elementor-section-height-default\" data-id=\"173b3e0\" data-element_type=\"section\" data-e-type=\"section\" data-settings=\"{&quot;_ha_eqh_enable&quot;:false}\">\n\t\t\t\t\t\t<div class=\"elementor-container elementor-column-gap-default\">\n\t\t\t\t\t<div class=\"elementor-column elementor-col-100 elementor-top-column elementor-element elementor-element-7ef12c2\" data-id=\"7ef12c2\" data-element_type=\"column\" data-e-type=\"column\" data-settings=\"{&quot;background_background&quot;:&quot;classic&quot;}\">\n\t\t\t<div class=\"elementor-widget-wrap elementor-element-populated\">\n\t\t\t\t\t\t<div class=\"elementor-element elementor-element-ae84b7d elementor-widget elementor-widget-heading\" data-id=\"ae84b7d\" data-element_type=\"widget\" data-e-type=\"widget\" data-widget_type=\"heading.default\">\n\t\t\t\t<div class=\"elementor-widget-container\">\n\t\t\t\t\t<h3 class=\"elementor-heading-title elementor-size-default\">Products<\/h3>\t\t\t\t<\/div>\n\t\t\t\t<\/div>\n\t\t\t\t<div class=\"elementor-element elementor-element-ae6db6b elementor-widget elementor-widget-text-editor\" data-id=\"ae6db6b\" data-element_type=\"widget\" data-e-type=\"widget\" data-widget_type=\"text-editor.default\">\n\t\t\t\t<div class=\"elementor-widget-container\">\n\t\t\t\t\t\t\t\t\t<p>Careful selection of suppliers creates the basis for the high level of quality<br \/>of all med-commerce\u00ae products.<br \/><br \/>Constant and precise quality controls ensure reliability and<br \/>and functionality over the entire service life of all med-commerce\u00ae products.<\/p><ul><li><div>Hand instruments<\/div><\/li><li><div>Hospital supplies and equipment<\/div><\/li><li><div>Doctor's requirements and equipment<\/div><\/li><li><div>Products for Rehab and Care<\/div><div>\u00a0<\/div><\/li><\/ul><p>You can access the individual product groups via the main menu.<\/p>\t\t\t\t\t\t\t\t<\/div>\n\t\t\t\t<\/div>\n\t\t\t\t<div class=\"elementor-element elementor-element-7b5a189 elementor-widget elementor-widget-spacer\" data-id=\"7b5a189\" data-element_type=\"widget\" data-e-type=\"widget\" data-widget_type=\"spacer.default\">\n\t\t\t\t<div class=\"elementor-widget-container\">\n\t\t\t\t\t\t\t<div class=\"elementor-spacer\">\n\t\t\t<div class=\"elementor-spacer-inner\"><\/div>\n\t\t<\/div>\n\t\t\t\t\t\t<\/div>\n\t\t\t\t<\/div>\n\t\t\t\t\t<\/div>\n\t\t<\/div>\n\t\t\t\t\t<\/div>\n\t\t<\/section>\n\t\t\t\t<\/div>","protected":false},"excerpt":{"rendered":"<p>Produkte Eine sorgf\u00e4ltige Lieferantenauswahl schafft die Basis f\u00fcr das hohe Qualit\u00e4tsniveaualler med-commerce\u00ae Produkte. St\u00e4ndige und genaue Qualit\u00e4tskontrollen gew\u00e4hrleisten die Zuverl\u00e4ssigkeit undFunktionalit\u00e4t \u00fcber die gesamte Lebensdauer aller med-commerce\u00ae Produkte. Hand-Instrumente Krankenhausbedarf und -Ausstattung Praxisbedarf und -Ausstattung Produkte f\u00fcr die Reha und Pflege\u00a0 Zu den einzelnen Produktgruppen gelangen Sie \u00fcber das Hauptmen\u00fc.<\/p>","protected":false},"author":1,"featured_media":0,"parent":0,"menu_order":0,"comment_status":"closed","ping_status":"closed","template":"","meta":{"footnotes":""},"class_list":["post-14464","page","type-page","status-publish","hentry","entry"],"_links":{"self":[{"href":"https:\/\/www.med-commerce.de\/en\/wp-json\/wp\/v2\/pages\/14464","targetHints":{"allow":["GET"]}}],"collection":[{"href":"https:\/\/www.med-commerce.de\/en\/wp-json\/wp\/v2\/pages"}],"about":[{"href":"https:\/\/www.med-commerce.de\/en\/wp-json\/wp\/v2\/types\/page"}],"author":[{"embeddable":true,"href":"https:\/\/www.med-commerce.de\/en\/wp-json\/wp\/v2\/users\/1"}],"replies":[{"embeddable":true,"href":"https:\/\/www.med-commerce.de\/en\/wp-json\/wp\/v2\/comments?post=14464"}],"version-history":[{"count":9,"href":"https:\/\/www.med-commerce.de\/en\/wp-json\/wp\/v2\/pages\/14464\/revisions"}],"predecessor-version":[{"id":14660,"href":"https:\/\/www.med-commerce.de\/en\/wp-json\/wp\/v2\/pages\/14464\/revisions\/14660"}],"wp:attachment":[{"href":"https:\/\/www.med-commerce.de\/en\/wp-json\/wp\/v2\/media?parent=14464"}],"curies":[{"name":"wp","href":"https:\/\/api.w.org\/{rel}","templated":true}]}}