{"id":14451,"date":"2022-07-15T13:15:03","date_gmt":"2022-07-15T13:15:03","guid":{"rendered":"https:\/\/medcommerce.mondoit.de\/?page_id=14451"},"modified":"2022-07-15T14:03:16","modified_gmt":"2022-07-15T14:03:16","slug":"team","status":"publish","type":"page","link":"https:\/\/www.med-commerce.de\/en\/team\/","title":{"rendered":"Team"},"content":{"rendered":"<div data-elementor-type=\"wp-page\" data-elementor-id=\"14451\" class=\"elementor elementor-14451\" data-elementor-settings=\"{&quot;ha_cmc_init_switcher&quot;:&quot;no&quot;}\" data-elementor-post-type=\"page\">\n\t\t\t\t\t\t<section class=\"elementor-section elementor-top-section elementor-element elementor-element-173b3e0 elementor-section-boxed elementor-section-height-default elementor-section-height-default\" data-id=\"173b3e0\" data-element_type=\"section\" data-e-type=\"section\" data-settings=\"{&quot;_ha_eqh_enable&quot;:false}\">\n\t\t\t\t\t\t<div class=\"elementor-container elementor-column-gap-default\">\n\t\t\t\t\t<div class=\"elementor-column elementor-col-100 elementor-top-column elementor-element elementor-element-7ef12c2\" data-id=\"7ef12c2\" data-element_type=\"column\" data-e-type=\"column\" data-settings=\"{&quot;background_background&quot;:&quot;classic&quot;}\">\n\t\t\t<div class=\"elementor-widget-wrap elementor-element-populated\">\n\t\t\t\t\t\t<div class=\"elementor-element elementor-element-ae84b7d elementor-widget elementor-widget-heading\" data-id=\"ae84b7d\" data-element_type=\"widget\" data-e-type=\"widget\" data-widget_type=\"heading.default\">\n\t\t\t\t<div class=\"elementor-widget-container\">\n\t\t\t\t\t<h4 class=\"elementor-heading-title elementor-size-default\">Team<\/h4>\t\t\t\t<\/div>\n\t\t\t\t<\/div>\n\t\t\t\t<section class=\"elementor-section elementor-inner-section elementor-element elementor-element-ebc8d8f elementor-section-boxed elementor-section-height-default elementor-section-height-default\" data-id=\"ebc8d8f\" data-element_type=\"section\" data-e-type=\"section\" data-settings=\"{&quot;_ha_eqh_enable&quot;:false}\">\n\t\t\t\t\t\t<div class=\"elementor-container elementor-column-gap-default\">\n\t\t\t\t\t<div class=\"elementor-column elementor-col-50 elementor-inner-column elementor-element elementor-element-9952100\" data-id=\"9952100\" data-element_type=\"column\" data-e-type=\"column\">\n\t\t\t<div class=\"elementor-widget-wrap elementor-element-populated\">\n\t\t\t\t\t\t<div class=\"elementor-element elementor-element-9d04b08 elementor-widget elementor-widget-image\" data-id=\"9d04b08\" data-element_type=\"widget\" data-e-type=\"widget\" data-widget_type=\"image.default\">\n\t\t\t\t<div class=\"elementor-widget-container\">\n\t\t\t\t\t\t\t\t\t\t\t\t\t\t\t<img fetchpriority=\"high\" decoding=\"async\" width=\"1707\" height=\"2560\" src=\"https:\/\/www.med-commerce.de\/wp-content\/uploads\/2016\/01\/DSCF0009-scaled.jpg\" class=\"attachment-full size-full wp-image-13902\" alt=\"\" srcset=\"https:\/\/www.med-commerce.de\/wp-content\/uploads\/2016\/01\/DSCF0009-scaled.jpg 1707w, https:\/\/www.med-commerce.de\/wp-content\/uploads\/2016\/01\/DSCF0009-scaled-600x900.jpg 600w, https:\/\/www.med-commerce.de\/wp-content\/uploads\/2016\/01\/DSCF0009-200x300.jpg 200w, https:\/\/www.med-commerce.de\/wp-content\/uploads\/2016\/01\/DSCF0009-683x1024.jpg 683w, https:\/\/www.med-commerce.de\/wp-content\/uploads\/2016\/01\/DSCF0009-768x1152.jpg 768w, https:\/\/www.med-commerce.de\/wp-content\/uploads\/2016\/01\/DSCF0009-1024x1536.jpg 1024w, https:\/\/www.med-commerce.de\/wp-content\/uploads\/2016\/01\/DSCF0009-1365x2048.jpg 1365w, https:\/\/www.med-commerce.de\/wp-content\/uploads\/2016\/01\/DSCF0009-580x870.jpg 580w, https:\/\/www.med-commerce.de\/wp-content\/uploads\/2016\/01\/DSCF0009-860x1290.jpg 860w, https:\/\/www.med-commerce.de\/wp-content\/uploads\/2016\/01\/DSCF0009-1160x1740.jpg 1160w, https:\/\/www.med-commerce.de\/wp-content\/uploads\/2016\/01\/DSCF0009-1320x1980.jpg 1320w\" sizes=\"(max-width: 1707px) 100vw, 1707px\" style=\"width:100%;height:149.97%;max-width:1707px\" \/>\t\t\t\t\t\t\t\t\t\t\t\t\t\t\t<\/div>\n\t\t\t\t<\/div>\n\t\t\t\t\t<\/div>\n\t\t<\/div>\n\t\t\t\t<div class=\"elementor-column elementor-col-50 elementor-inner-column elementor-element elementor-element-04bfe0e\" data-id=\"04bfe0e\" data-element_type=\"column\" data-e-type=\"column\">\n\t\t\t<div class=\"elementor-widget-wrap\">\n\t\t\t\t\t\t\t<\/div>\n\t\t<\/div>\n\t\t\t\t\t<\/div>\n\t\t<\/section>\n\t\t\t\t<div class=\"elementor-element elementor-element-c6b1934 elementor-widget elementor-widget-text-editor\" data-id=\"c6b1934\" data-element_type=\"widget\" data-e-type=\"widget\" data-widget_type=\"text-editor.default\">\n\t\t\t\t<div class=\"elementor-widget-container\">\n\t\t\t\t\t\t\t\t\t<h4><strong>Harald Butsch - Managing Director<\/strong><\/h4><p>\u00a0<\/p><p>He has many years of professional experience in the field of medical technology, but has also been able to gain experience in other sectors in the course of his various professional activities.<\/p>\t\t\t\t\t\t\t\t<\/div>\n\t\t\t\t<\/div>\n\t\t\t\t<section class=\"elementor-section elementor-inner-section elementor-element elementor-element-94997a0 elementor-section-boxed elementor-section-height-default elementor-section-height-default\" data-id=\"94997a0\" data-element_type=\"section\" data-e-type=\"section\" data-settings=\"{&quot;_ha_eqh_enable&quot;:false}\">\n\t\t\t\t\t\t<div class=\"elementor-container elementor-column-gap-default\">\n\t\t\t\t\t<div class=\"elementor-column elementor-col-50 elementor-inner-column elementor-element elementor-element-74da23e\" data-id=\"74da23e\" data-element_type=\"column\" data-e-type=\"column\">\n\t\t\t<div class=\"elementor-widget-wrap elementor-element-populated\">\n\t\t\t\t\t\t<div class=\"elementor-element elementor-element-1d52eb3 elementor-widget elementor-widget-image\" data-id=\"1d52eb3\" data-element_type=\"widget\" data-e-type=\"widget\" data-widget_type=\"image.default\">\n\t\t\t\t<div class=\"elementor-widget-container\">\n\t\t\t\t\t\t\t\t\t\t\t\t\t\t\t<img decoding=\"async\" width=\"605\" height=\"922\" src=\"https:\/\/www.med-commerce.de\/wp-content\/uploads\/2015\/11\/bildheinzbutsch_1.jpg\" class=\"attachment-full size-full wp-image-13911\" alt=\"\" srcset=\"https:\/\/www.med-commerce.de\/wp-content\/uploads\/2015\/11\/bildheinzbutsch_1.jpg 605w, https:\/\/www.med-commerce.de\/wp-content\/uploads\/2015\/11\/bildheinzbutsch_1-600x914.jpg 600w, https:\/\/www.med-commerce.de\/wp-content\/uploads\/2015\/11\/bildheinzbutsch_1-197x300.jpg 197w, https:\/\/www.med-commerce.de\/wp-content\/uploads\/2015\/11\/bildheinzbutsch_1-580x884.jpg 580w\" sizes=\"(max-width: 605px) 100vw, 605px\" style=\"width:100%;height:152.4%;max-width:605px\" \/>\t\t\t\t\t\t\t\t\t\t\t\t\t\t\t<\/div>\n\t\t\t\t<\/div>\n\t\t\t\t\t<\/div>\n\t\t<\/div>\n\t\t\t\t<div class=\"elementor-column elementor-col-50 elementor-inner-column elementor-element elementor-element-613b6d2\" data-id=\"613b6d2\" data-element_type=\"column\" data-e-type=\"column\">\n\t\t\t<div class=\"elementor-widget-wrap\">\n\t\t\t\t\t\t\t<\/div>\n\t\t<\/div>\n\t\t\t\t\t<\/div>\n\t\t<\/section>\n\t\t\t\t<div class=\"elementor-element elementor-element-8af2aed elementor-widget elementor-widget-text-editor\" data-id=\"8af2aed\" data-element_type=\"widget\" data-e-type=\"widget\" data-widget_type=\"text-editor.default\">\n\t\t\t\t<div class=\"elementor-widget-container\">\n\t\t\t\t\t\t\t\t\t<h4><strong>Heinz Butsch \u2013 General Manager<\/strong><\/h4><p>The senior boss can look back on a successful career as an entrepreneur and businessman in the food retail sector. Since 2002 he has been bringing his wealth of experience from his many years of professional activity to the company founded by his son in 2000. This makes him an important, valuable employee and advisor for us.\u00a0<\/p>\t\t\t\t\t\t\t\t<\/div>\n\t\t\t\t<\/div>\n\t\t\t\t<div class=\"elementor-element elementor-element-a78d62e elementor-widget elementor-widget-spacer\" data-id=\"a78d62e\" data-element_type=\"widget\" data-e-type=\"widget\" data-widget_type=\"spacer.default\">\n\t\t\t\t<div class=\"elementor-widget-container\">\n\t\t\t\t\t\t\t<div class=\"elementor-spacer\">\n\t\t\t<div class=\"elementor-spacer-inner\"><\/div>\n\t\t<\/div>\n\t\t\t\t\t\t<\/div>\n\t\t\t\t<\/div>\n\t\t\t\t\t<\/div>\n\t\t<\/div>\n\t\t\t\t\t<\/div>\n\t\t<\/section>\n\t\t\t\t<\/div>","protected":false},"excerpt":{"rendered":"<p>Team Harald Butsch &#8211; Gesch\u00e4ftsf\u00fchrer \u00a0 Er verf\u00fcgt \u00fcber langj\u00e4hrige Berufserfahrung im Bereich Medizintechnik, hat aber im Zuge seiner verschiedenen beruflichen T\u00e4tigkeiten auch Erfahrungen in anderen Branchen sammeln k\u00f6nnen. Heinz Butsch &#8211; Prokurist Der Senior-Chef kann auf ein erfolgreiches Berufsleben als Unternehmer und Kaufmann im Bereich Lebensmittelhandel zur\u00fcckblicken. Seit 2002 bringt er seinen reichen Erfahrungsschatz&hellip; <a class=\"more-link\" href=\"https:\/\/www.med-commerce.de\/en\/team\/\">Continue reading <span class=\"screen-reader-text\">Team<\/span><\/a><\/p>","protected":false},"author":1,"featured_media":0,"parent":0,"menu_order":0,"comment_status":"closed","ping_status":"closed","template":"","meta":{"footnotes":""},"class_list":["post-14451","page","type-page","status-publish","hentry","entry"],"_links":{"self":[{"href":"https:\/\/www.med-commerce.de\/en\/wp-json\/wp\/v2\/pages\/14451","targetHints":{"allow":["GET"]}}],"collection":[{"href":"https:\/\/www.med-commerce.de\/en\/wp-json\/wp\/v2\/pages"}],"about":[{"href":"https:\/\/www.med-commerce.de\/en\/wp-json\/wp\/v2\/types\/page"}],"author":[{"embeddable":true,"href":"https:\/\/www.med-commerce.de\/en\/wp-json\/wp\/v2\/users\/1"}],"replies":[{"embeddable":true,"href":"https:\/\/www.med-commerce.de\/en\/wp-json\/wp\/v2\/comments?post=14451"}],"version-history":[{"count":26,"href":"https:\/\/www.med-commerce.de\/en\/wp-json\/wp\/v2\/pages\/14451\/revisions"}],"predecessor-version":[{"id":14601,"href":"https:\/\/www.med-commerce.de\/en\/wp-json\/wp\/v2\/pages\/14451\/revisions\/14601"}],"wp:attachment":[{"href":"https:\/\/www.med-commerce.de\/en\/wp-json\/wp\/v2\/media?parent=14451"}],"curies":[{"name":"wp","href":"https:\/\/api.w.org\/{rel}","templated":true}]}}