{"id":14443,"date":"2022-07-15T13:09:37","date_gmt":"2022-07-15T13:09:37","guid":{"rendered":"https:\/\/medcommerce.mondoit.de\/?page_id=14443"},"modified":"2022-07-15T14:03:36","modified_gmt":"2022-07-15T14:03:36","slug":"umwelt","status":"publish","type":"page","link":"https:\/\/www.med-commerce.de\/en\/umwelt\/","title":{"rendered":"Environment"},"content":{"rendered":"<div data-elementor-type=\"wp-page\" data-elementor-id=\"14443\" class=\"elementor elementor-14443\" data-elementor-settings=\"{&quot;ha_cmc_init_switcher&quot;:&quot;no&quot;}\" data-elementor-post-type=\"page\">\n\t\t\t\t\t\t<section class=\"elementor-section elementor-top-section elementor-element elementor-element-173b3e0 elementor-section-boxed elementor-section-height-default elementor-section-height-default\" data-id=\"173b3e0\" data-element_type=\"section\" data-e-type=\"section\" data-settings=\"{&quot;_ha_eqh_enable&quot;:false}\">\n\t\t\t\t\t\t<div class=\"elementor-container elementor-column-gap-default\">\n\t\t\t\t\t<div class=\"elementor-column elementor-col-100 elementor-top-column elementor-element elementor-element-7ef12c2\" data-id=\"7ef12c2\" data-element_type=\"column\" data-e-type=\"column\" data-settings=\"{&quot;background_background&quot;:&quot;classic&quot;}\">\n\t\t\t<div class=\"elementor-widget-wrap elementor-element-populated\">\n\t\t\t\t\t\t<div class=\"elementor-element elementor-element-ae84b7d elementor-widget elementor-widget-heading\" data-id=\"ae84b7d\" data-element_type=\"widget\" data-e-type=\"widget\" data-widget_type=\"heading.default\">\n\t\t\t\t<div class=\"elementor-widget-container\">\n\t\t\t\t\t<h4 class=\"elementor-heading-title elementor-size-default\">Environment<\/h4>\t\t\t\t<\/div>\n\t\t\t\t<\/div>\n\t\t\t\t<div class=\"elementor-element elementor-element-ae6db6b elementor-widget elementor-widget-text-editor\" data-id=\"ae6db6b\" data-element_type=\"widget\" data-e-type=\"widget\" data-widget_type=\"text-editor.default\">\n\t\t\t\t<div class=\"elementor-widget-container\">\n\t\t\t\t\t\t\t\t\t<h5>Preserving creation - our ecological awareness<\/h5><p>\u00a0<\/p><p>For the trading of med-commerce\u00ae has\u00a0<strong>ecological awareness<\/strong>\u00a0a great importance. Against the background of increasing pollutant emissions, huge mountains of rubbish, increasing energy consumption and environmental disasters, we too are dealing with the ever-increasing environmental damage and its importance for society.<\/p><p>\u00a0<\/p><p>Our position is characterized by Christian responsibility, which is based on the act of creation. For the future it is important to have one\u00a0<strong>sustainable treatment of creation<\/strong>\u00a0to ensure that future generations can live a decent life on earth.<\/p><p>\u00a0<\/p><h5>The preservation of nature is very important to us.<\/h5>\t\t\t\t\t\t\t\t<\/div>\n\t\t\t\t<\/div>\n\t\t\t\t<div class=\"elementor-element elementor-element-698d1c4 elementor-widget elementor-widget-image\" data-id=\"698d1c4\" data-element_type=\"widget\" data-e-type=\"widget\" data-widget_type=\"image.default\">\n\t\t\t\t<div class=\"elementor-widget-container\">\n\t\t\t\t\t\t\t\t\t\t\t\t\t\t\t<img fetchpriority=\"high\" decoding=\"async\" width=\"253\" height=\"225\" src=\"https:\/\/www.med-commerce.de\/wp-content\/uploads\/2020\/09\/logo_wiederverwendbklein.jpg\" class=\"attachment-full size-full wp-image-13912\" alt=\"\" style=\"width:100%;height:88.93%;max-width:253px\" \/>\t\t\t\t\t\t\t\t\t\t\t\t\t\t\t<\/div>\n\t\t\t\t<\/div>\n\t\t\t\t<div class=\"elementor-element elementor-element-ef8e9ba elementor-widget elementor-widget-text-editor\" data-id=\"ef8e9ba\" data-element_type=\"widget\" data-e-type=\"widget\" data-widget_type=\"text-editor.default\">\n\t\t\t\t<div class=\"elementor-widget-container\">\n\t\t\t\t\t\t\t\t\t<p>That's why we only use 100% recyclable packaging and packaging materials.<br \/><br \/>Packaging materials that are no longer required (bubble film, boxes, etc.) are separated by us and passed on to friendly business partners. This material is directly reused without further recycling measures.<br \/><br \/>Recyclable materials such as CDs, toner or ink cartridges are handed over to competent recycling companies. These components are processed accordingly.<\/p>\t\t\t\t\t\t\t\t<\/div>\n\t\t\t\t<\/div>\n\t\t\t\t\t<\/div>\n\t\t<\/div>\n\t\t\t\t\t<\/div>\n\t\t<\/section>\n\t\t\t\t<\/div>","protected":false},"excerpt":{"rendered":"<p>Umwelt Die Sch\u00f6pfung bewahren\u00a0&#8211;\u00a0unser \u00f6kologisches Bewusstsein \u00a0 F\u00fcr das Handeln von med-commerce\u00ae hat\u00a0\u00f6kologisches Bewusstsein\u00a0eine gro\u00dfe Bedeutung. Vor dem Hintergrund steigender Schadstoffemissionen, riesigen M\u00fcllbergen, zunehmendem Energieverbrauch und Umweltkatastrophen setzen auch wir uns mit den immer gr\u00f6\u00dfer werdenden Umweltsch\u00e4den und der Bedeutung f\u00fcr die Gesellschaft auseinander. \u00a0 Unsere Position zeichnet sich dabei durch die christliche Verantwortung aus,&hellip; <a class=\"more-link\" href=\"https:\/\/www.med-commerce.de\/en\/umwelt\/\">Continue reading <span class=\"screen-reader-text\">Environment<\/span><\/a><\/p>","protected":false},"author":1,"featured_media":0,"parent":0,"menu_order":0,"comment_status":"closed","ping_status":"closed","template":"","meta":{"footnotes":""},"class_list":["post-14443","page","type-page","status-publish","hentry","entry"],"_links":{"self":[{"href":"https:\/\/www.med-commerce.de\/en\/wp-json\/wp\/v2\/pages\/14443","targetHints":{"allow":["GET"]}}],"collection":[{"href":"https:\/\/www.med-commerce.de\/en\/wp-json\/wp\/v2\/pages"}],"about":[{"href":"https:\/\/www.med-commerce.de\/en\/wp-json\/wp\/v2\/types\/page"}],"author":[{"embeddable":true,"href":"https:\/\/www.med-commerce.de\/en\/wp-json\/wp\/v2\/users\/1"}],"replies":[{"embeddable":true,"href":"https:\/\/www.med-commerce.de\/en\/wp-json\/wp\/v2\/comments?post=14443"}],"version-history":[{"count":8,"href":"https:\/\/www.med-commerce.de\/en\/wp-json\/wp\/v2\/pages\/14443\/revisions"}],"predecessor-version":[{"id":14603,"href":"https:\/\/www.med-commerce.de\/en\/wp-json\/wp\/v2\/pages\/14443\/revisions\/14603"}],"wp:attachment":[{"href":"https:\/\/www.med-commerce.de\/en\/wp-json\/wp\/v2\/media?parent=14443"}],"curies":[{"name":"wp","href":"https:\/\/api.w.org\/{rel}","templated":true}]}}