{"id":14412,"date":"2022-07-15T12:54:03","date_gmt":"2022-07-15T12:54:03","guid":{"rendered":"https:\/\/medcommerce.mondoit.de\/?page_id=14412"},"modified":"2022-07-15T14:24:09","modified_gmt":"2022-07-15T14:24:09","slug":"ueber-uns","status":"publish","type":"page","link":"https:\/\/www.med-commerce.de\/en\/ueber-uns\/","title":{"rendered":"ABOUT US"},"content":{"rendered":"<div data-elementor-type=\"wp-page\" data-elementor-id=\"14412\" class=\"elementor elementor-14412\" data-elementor-settings=\"{&quot;ha_cmc_init_switcher&quot;:&quot;no&quot;}\" data-elementor-post-type=\"page\">\n\t\t\t\t\t\t<section class=\"elementor-section elementor-top-section elementor-element elementor-element-173b3e0 elementor-section-boxed elementor-section-height-default elementor-section-height-default\" data-id=\"173b3e0\" data-element_type=\"section\" data-e-type=\"section\" data-settings=\"{&quot;_ha_eqh_enable&quot;:false}\">\n\t\t\t\t\t\t<div class=\"elementor-container elementor-column-gap-default\">\n\t\t\t\t\t<div class=\"elementor-column elementor-col-100 elementor-top-column elementor-element elementor-element-7ef12c2\" data-id=\"7ef12c2\" data-element_type=\"column\" data-e-type=\"column\" data-settings=\"{&quot;background_background&quot;:&quot;classic&quot;}\">\n\t\t\t<div class=\"elementor-widget-wrap elementor-element-populated\">\n\t\t\t\t\t\t<div class=\"elementor-element elementor-element-ae84b7d elementor-widget elementor-widget-heading\" data-id=\"ae84b7d\" data-element_type=\"widget\" data-e-type=\"widget\" data-widget_type=\"heading.default\">\n\t\t\t\t<div class=\"elementor-widget-container\">\n\t\t\t\t\t<h3 class=\"elementor-heading-title elementor-size-default\">About us<\/h3>\t\t\t\t<\/div>\n\t\t\t\t<\/div>\n\t\t\t\t<div class=\"elementor-element elementor-element-ae6db6b elementor-widget elementor-widget-text-editor\" data-id=\"ae6db6b\" data-element_type=\"widget\" data-e-type=\"widget\" data-widget_type=\"text-editor.default\">\n\t\t\t\t<div class=\"elementor-widget-container\">\n\t\t\t\t\t\t\t\t\t<p>The current medical and technological findings form the basis for carrying out surgical interventions with increasing precision and in a manner that is gentler on the patient.<br \/><br \/>With proven and innovative quality products, med-commerce\u00ae formerly E. M\u00dcLLER has been supporting this development with great success in our product fields for over 50 years.<br \/><br \/>In view of the cost aspects and limited investment budgets in the healthcare sector, we want to continue to help our customers in the future to optimize processes and make better use of the available resources.<br \/><br \/>Our actions are characterized by working in partnership with our customers and suppliers.<\/p>\t\t\t\t\t\t\t\t<\/div>\n\t\t\t\t<\/div>\n\t\t\t\t<div class=\"elementor-element elementor-element-7b5a189 elementor-widget elementor-widget-spacer\" data-id=\"7b5a189\" data-element_type=\"widget\" data-e-type=\"widget\" data-widget_type=\"spacer.default\">\n\t\t\t\t<div class=\"elementor-widget-container\">\n\t\t\t\t\t\t\t<div class=\"elementor-spacer\">\n\t\t\t<div class=\"elementor-spacer-inner\"><\/div>\n\t\t<\/div>\n\t\t\t\t\t\t<\/div>\n\t\t\t\t<\/div>\n\t\t\t\t<div class=\"elementor-element elementor-element-138ebdb elementor-widget elementor-widget-spacer\" data-id=\"138ebdb\" data-element_type=\"widget\" data-e-type=\"widget\" data-widget_type=\"spacer.default\">\n\t\t\t\t<div class=\"elementor-widget-container\">\n\t\t\t\t\t\t\t<div class=\"elementor-spacer\">\n\t\t\t<div class=\"elementor-spacer-inner\"><\/div>\n\t\t<\/div>\n\t\t\t\t\t\t<\/div>\n\t\t\t\t<\/div>\n\t\t\t\t\t<\/div>\n\t\t<\/div>\n\t\t\t\t\t<\/div>\n\t\t<\/section>\n\t\t\t\t<\/div>","protected":false},"excerpt":{"rendered":"<p>\u00dcber uns Die aktuellen medizinischen und technologischen Erkenntnisse bilden die Grundlage daf\u00fcr, operative Eingriffe immer pr\u00e4ziser und patientenschonender vorzunehmen. Mit bew\u00e4hrten und innovativen Qualit\u00e4tsprodukten unterst\u00fctzt med-commerce\u00ae vormals E. M\u00dcLLER seit \u00fcber 50 Jahren diese Entwicklung mit gro\u00dfem Erfolg auf unseren Produktfeldern. Auch in Zukunft wollen wir in Anbetracht von Kostenaspekten und limitierten Investitionsbudgets im Gesundheitswesen&hellip; <a class=\"more-link\" href=\"https:\/\/www.med-commerce.de\/en\/ueber-uns\/\">Continue reading <span class=\"screen-reader-text\">ABOUT US<\/span><\/a><\/p>","protected":false},"author":1,"featured_media":0,"parent":0,"menu_order":0,"comment_status":"closed","ping_status":"closed","template":"","meta":{"footnotes":""},"class_list":["post-14412","page","type-page","status-publish","hentry","entry"],"_links":{"self":[{"href":"https:\/\/www.med-commerce.de\/en\/wp-json\/wp\/v2\/pages\/14412","targetHints":{"allow":["GET"]}}],"collection":[{"href":"https:\/\/www.med-commerce.de\/en\/wp-json\/wp\/v2\/pages"}],"about":[{"href":"https:\/\/www.med-commerce.de\/en\/wp-json\/wp\/v2\/types\/page"}],"author":[{"embeddable":true,"href":"https:\/\/www.med-commerce.de\/en\/wp-json\/wp\/v2\/users\/1"}],"replies":[{"embeddable":true,"href":"https:\/\/www.med-commerce.de\/en\/wp-json\/wp\/v2\/comments?post=14412"}],"version-history":[{"count":5,"href":"https:\/\/www.med-commerce.de\/en\/wp-json\/wp\/v2\/pages\/14412\/revisions"}],"predecessor-version":[{"id":14661,"href":"https:\/\/www.med-commerce.de\/en\/wp-json\/wp\/v2\/pages\/14412\/revisions\/14661"}],"wp:attachment":[{"href":"https:\/\/www.med-commerce.de\/en\/wp-json\/wp\/v2\/media?parent=14412"}],"curies":[{"name":"wp","href":"https:\/\/api.w.org\/{rel}","templated":true}]}}